{"id":14825,"date":"2025-03-29T11:01:17","date_gmt":"2025-03-29T10:01:17","guid":{"rendered":"https:\/\/entretormentas.com\/?page_id=14825"},"modified":"2025-03-29T11:01:17","modified_gmt":"2025-03-29T10:01:17","slug":"cumpliendo-rosales-inspecciona-trabajos-de-recuperacion-en-los-haticos-ii-de-maracaibo","status":"publish","type":"page","link":"https:\/\/entretormentas.com\/cumpliendo-rosales-inspecciona-trabajos-de-recuperacion-en-los-haticos-ii-de-maracaibo\/","title":{"rendered":"\u00a1CUMPLIENDO! Rosales inspecciona trabajos de recuperaci\u00f3n en Los Haticos II de Maracaibo"},"content":{"rendered":"\n<p><strong>ENTRE TORMENTAS.<\/strong> El Gobernador Manuel Rosales Guerrero, acompa\u00f1ado de su Gabinete Ejecutivo, supervis\u00f3 personalmente los avances en las labores de recuperaci\u00f3n, construcci\u00f3n y modernizaci\u00f3n que se llevan a cabo en la emblem\u00e1tica avenida 22, ubicada en el sector Los Haticos II de Maracaibo.<\/p>\n\n\n\n<p>Estas obras, lideradas por el Instituto de Vialidad del Estado Zulia (INVEZ), forman parte de un plan para revitalizar la infraestructura vial de la entidad.<\/p>\n\n\n\n<p><strong>M\u00c1S DE 2.5 KIL\u00d3METROS INTERVENIDOS<\/strong><br>El proyecto abarca una extensi\u00f3n de m\u00e1s de 2,5 kil\u00f3metros, comprendida entre la calle 125 y la avenida 25F, en la parroquia Cristo de Aranza del municipio Maracaibo. En esta intervenci\u00f3n se utilizar\u00e1n mil 712 toneladas de mezcla asf\u00e1ltica, para garantizar una superficie de rodamiento m\u00e1s segura y duradera para los usuarios del transporte p\u00fablico y los ciudadanos que transitan por esta importante arteria vial.<\/p>\n\n\n\n<figure class=\"wp-block-image size-large\"><img fetchpriority=\"high\" decoding=\"async\" width=\"1024\" height=\"576\" src=\"https:\/\/entretormentas.com\/wp-content\/uploads\/2025\/03\/image-564-1024x576.png\" alt=\"\" class=\"wp-image-14828\" srcset=\"https:\/\/entretormentas.com\/wp-content\/uploads\/2025\/03\/image-564-1024x576.png 1024w, https:\/\/entretormentas.com\/wp-content\/uploads\/2025\/03\/image-564-300x169.png 300w, https:\/\/entretormentas.com\/wp-content\/uploads\/2025\/03\/image-564-768x432.png 768w, https:\/\/entretormentas.com\/wp-content\/uploads\/2025\/03\/image-564.png 1280w\" sizes=\"(max-width: 1024px) 100vw, 1024px\" \/><\/figure>\n\n\n\n<p>En su recorrido, Rosales destac\u00f3 que \u201cLos Haticos es una zona emblem\u00e1tica para Maracaibo y el Zulia. Haticos por arriba, Haticos por abajo, una historia larga, a orillas del lago. Para este proyecto, estamos trabajando por recuperar el corredor vial con m\u00e1s de 2,5 kil\u00f3metros\u00bb.<\/p>\n\n\n\n<p>Adem\u00e1s de la repavimentaci\u00f3n, se implementar\u00e1n mejoras importantes en la se\u00f1alizaci\u00f3n vial, incluyendo la demarcaci\u00f3n de l\u00edneas continuas y discontinuas, as\u00ed como la instalaci\u00f3n de se\u00f1al\u00e9tica moderna que facilitar\u00e1 la orientaci\u00f3n de los conductores.<\/p>\n\n\n\n<p>La iluminaci\u00f3n tambi\u00e9n ser\u00e1 un aspecto prioritario en este proyecto. Se instalar\u00e1n luminarias de \u00faltima generaci\u00f3n que no solo mejorar\u00e1n la visibilidad nocturna, sino que tambi\u00e9n contribuir\u00e1n a la seguridad de los transe\u00fantes y conductores. Este proyecto beneficiar\u00e1 de forma directa a los marabinos que residen en las adyacencias de la avenida 22 en Los Haticos II, as\u00ed como a los dem\u00e1s habitantes que hacen vida en la parroquia Cristo de Aranza.<\/p>\n\n\n\n<p>El Gobernador Rosales destac\u00f3 la importancia de estas obras para mejorar la calidad de vida de los habitantes de Maracaibo, subrayando que la modernizaci\u00f3n de la infraestructura vial es clave para impulsar el progreso econ\u00f3mico y social de la regi\u00f3n.<\/p>\n\n\n\n<p><strong>PLAN DE RESPUESTA INMEDIATA<\/strong><br>\u201cDesplegamos el plan de Respuesta Inmediata, que tiene que ver con esto, aguas blancas y servidas, colectores, construcci\u00f3n de aceras, drenajes de agua de lluvia, iluminaci\u00f3n, entre otros, para que esta v\u00eda se convierta nuevamente en un corredor vial importante, una ruta de transporte importante de la ciudad de Maracaibo\u201d, expres\u00f3 el Gobernador.<\/p>\n\n\n\n<figure class=\"wp-block-image size-large\"><img decoding=\"async\" width=\"1024\" height=\"576\" src=\"https:\/\/entretormentas.com\/wp-content\/uploads\/2025\/03\/image-563-1024x576.png\" alt=\"\" class=\"wp-image-14827\" srcset=\"https:\/\/entretormentas.com\/wp-content\/uploads\/2025\/03\/image-563-1024x576.png 1024w, https:\/\/entretormentas.com\/wp-content\/uploads\/2025\/03\/image-563-300x169.png 300w, https:\/\/entretormentas.com\/wp-content\/uploads\/2025\/03\/image-563-768x432.png 768w, https:\/\/entretormentas.com\/wp-content\/uploads\/2025\/03\/image-563.png 1280w\" sizes=\"(max-width: 1024px) 100vw, 1024px\" \/><\/figure>\n\n\n\n<p>Rosales tambi\u00e9n destac\u00f3 los esfuerzos adicionales que se est\u00e1n llevando a cabo en zonas aleda\u00f1as: \u201cAsimismo, trabajamos en sectores cercanos como la Pomona, la Chinita y en El Progreso, con esta primera parte de la recuperaci\u00f3n del drenaje. Aqu\u00ed ya se est\u00e1 asfaltando tambi\u00e9n. Como dec\u00eda, son dos puntos, m\u00e1s de dos kil\u00f3metros y medio de vialidad, una inversi\u00f3n importante, para despu\u00e9s ir extendi\u00e9ndose hacia los barrios. Primero la v\u00eda de transporte, que es muy importante, y despu\u00e9s avanzamos hacia las comunidades y los barrios, aunque ya algunos barrios y urbanizaciones se han asfaltado hasta el momento\u201d.<\/p>\n\n\n\n<p>Con estos trabajos, la Gobernaci\u00f3n del Zulia sigue en pie con el desarrollo integral y sostenible de Maracaibo y dem\u00e1s municipios de la regi\u00f3n, enfoc\u00e1ndose en mejorar las condiciones de movilidad y la calidad de vida de sus habitantes.<br><strong><em>ET \/ Nota de Prensa<\/em><\/strong><\/p>\n\n\n\n<p><\/p>\n","protected":false},"excerpt":{"rendered":"<p>ENTRE TORMENTAS. El Gobernador Manuel Rosales Guerrero, acompa\u00f1ado de su Gabinete Ejecutivo, supervis\u00f3 personalmente los&#8230;<\/p>\n","protected":false},"author":2,"featured_media":14826,"parent":0,"menu_order":0,"comment_status":"closed","ping_status":"closed","template":"","meta":{"footnotes":""},"class_list":["post-14825","page","type-page","status-publish","has-post-thumbnail","hentry"],"_links":{"self":[{"href":"https:\/\/entretormentas.com\/index.php?rest_route=\/wp\/v2\/pages\/14825","targetHints":{"allow":["GET"]}}],"collection":[{"href":"https:\/\/entretormentas.com\/index.php?rest_route=\/wp\/v2\/pages"}],"about":[{"href":"https:\/\/entretormentas.com\/index.php?rest_route=\/wp\/v2\/types\/page"}],"author":[{"embeddable":true,"href":"https:\/\/entretormentas.com\/index.php?rest_route=\/wp\/v2\/users\/2"}],"replies":[{"embeddable":true,"href":"https:\/\/entretormentas.com\/index.php?rest_route=%2Fwp%2Fv2%2Fcomments&post=14825"}],"version-history":[{"count":1,"href":"https:\/\/entretormentas.com\/index.php?rest_route=\/wp\/v2\/pages\/14825\/revisions"}],"predecessor-version":[{"id":14829,"href":"https:\/\/entretormentas.com\/index.php?rest_route=\/wp\/v2\/pages\/14825\/revisions\/14829"}],"wp:featuredmedia":[{"embeddable":true,"href":"https:\/\/entretormentas.com\/index.php?rest_route=\/wp\/v2\/media\/14826"}],"wp:attachment":[{"href":"https:\/\/entretormentas.com\/index.php?rest_route=%2Fwp%2Fv2%2Fmedia&parent=14825"}],"curies":[{"name":"wp","href":"https:\/\/api.w.org\/{rel}","templated":true}]}}